{"id":5055,"date":"2019-06-26T18:17:25","date_gmt":"2019-06-26T16:17:25","guid":{"rendered":"https:\/\/cubus.cat\/contacte\/"},"modified":"2023-10-05T16:24:57","modified_gmt":"2023-10-05T14:24:57","slug":"contacte-olot-garrotxa","status":"publish","type":"page","link":"https:\/\/cubus.cat\/es\/contacte-olot-garrotxa\/","title":{"rendered":"Contacto"},"content":{"rendered":"","protected":false},"excerpt":{"rendered":"","protected":false},"author":1,"featured_media":0,"parent":0,"menu_order":10,"comment_status":"closed","ping_status":"closed","template":"","meta":{"_acf_changed":false,"_genesis_hide_title":false,"_genesis_hide_breadcrumbs":false,"_genesis_hide_singular_image":false,"_genesis_hide_footer_widgets":false,"_genesis_custom_body_class":"","_genesis_custom_post_class":"","_genesis_layout":"","footnotes":""},"class_list":{"0":"post-5055","1":"page","2":"type-page","3":"status-publish","5":"entry"},"acf":[],"yoast_head":"<!-- This site is optimized with the Yoast SEO plugin v27.5 - https:\/\/yoast.com\/product\/yoast-seo-wordpress\/ -->\n<title>Contacto - Cubus - Tel\u00e9fono y direcci\u00f3n oficinas - Olot, La Garrotxa.<\/title>\n<meta name=\"description\" content=\"Informaci\u00f3n de contacto de Cubus Inmobiliaria Olot i Garrotxa. Tel\u00e9fono, whatsapp, direcci\u00f3n de oficinas y redes sociales. \u00a1Cont\u00e1ctanos!.\" \/>\n<meta name=\"robots\" content=\"index, follow, max-snippet:-1, max-image-preview:large, max-video-preview:-1\" \/>\n<link rel=\"canonical\" href=\"https:\/\/cubus.cat\/es\/contacte-olot-garrotxa\/\" \/>\n<meta property=\"og:locale\" content=\"es_ES\" \/>\n<meta property=\"og:type\" content=\"article\" \/>\n<meta property=\"og:title\" content=\"Contacto - Cubus - Tel\u00e9fono y direcci\u00f3n oficinas - Olot, La Garrotxa.\" \/>\n<meta property=\"og:description\" content=\"Informaci\u00f3n de contacto de Cubus Inmobiliaria Olot i Garrotxa. Tel\u00e9fono, whatsapp, direcci\u00f3n de oficinas y redes sociales. \u00a1Cont\u00e1ctanos!.\" \/>\n<meta property=\"og:url\" content=\"https:\/\/cubus.cat\/es\/contacte-olot-garrotxa\/\" \/>\n<meta property=\"og:site_name\" content=\"Cubus Immobili\u00e0ria\" \/>\n<meta property=\"article:modified_time\" content=\"2023-10-05T14:24:57+00:00\" \/>\n<meta name=\"twitter:card\" content=\"summary_large_image\" \/>\n<script type=\"application\/ld+json\" class=\"yoast-schema-graph\">{\"@context\":\"https:\\\/\\\/schema.org\",\"@graph\":[{\"@type\":\"WebPage\",\"@id\":\"https:\\\/\\\/cubus.cat\\\/es\\\/contacte-olot-garrotxa\\\/\",\"url\":\"https:\\\/\\\/cubus.cat\\\/es\\\/contacte-olot-garrotxa\\\/\",\"name\":\"Contacto - Cubus - Tel\u00e9fono y direcci\u00f3n oficinas - Olot, La Garrotxa.\",\"isPartOf\":{\"@id\":\"https:\\\/\\\/cubus.cat\\\/es\\\/#website\"},\"datePublished\":\"2019-06-26T16:17:25+00:00\",\"dateModified\":\"2023-10-05T14:24:57+00:00\",\"description\":\"Informaci\u00f3n de contacto de Cubus Inmobiliaria Olot i Garrotxa. Tel\u00e9fono, whatsapp, direcci\u00f3n de oficinas y redes sociales. \u00a1Cont\u00e1ctanos!.\",\"breadcrumb\":{\"@id\":\"https:\\\/\\\/cubus.cat\\\/es\\\/contacte-olot-garrotxa\\\/#breadcrumb\"},\"inLanguage\":\"es-ES\",\"potentialAction\":[{\"@type\":\"ReadAction\",\"target\":[\"https:\\\/\\\/cubus.cat\\\/es\\\/contacte-olot-garrotxa\\\/\"]}]},{\"@type\":\"BreadcrumbList\",\"@id\":\"https:\\\/\\\/cubus.cat\\\/es\\\/contacte-olot-garrotxa\\\/#breadcrumb\",\"itemListElement\":[{\"@type\":\"ListItem\",\"position\":1,\"name\":\"Inici\",\"item\":\"https:\\\/\\\/cubus.cat\\\/es\\\/\"},{\"@type\":\"ListItem\",\"position\":2,\"name\":\"Contacto\"}]},{\"@type\":\"WebSite\",\"@id\":\"https:\\\/\\\/cubus.cat\\\/es\\\/#website\",\"url\":\"https:\\\/\\\/cubus.cat\\\/es\\\/\",\"name\":\"Cubus Immobili\u00e0ria Olot i la Garrotxa - Comprar, llogar o vendre\",\"description\":\"\",\"publisher\":{\"@id\":\"https:\\\/\\\/cubus.cat\\\/es\\\/#organization\"},\"potentialAction\":[{\"@type\":\"SearchAction\",\"target\":{\"@type\":\"EntryPoint\",\"urlTemplate\":\"https:\\\/\\\/cubus.cat\\\/es\\\/?s={search_term_string}\"},\"query-input\":{\"@type\":\"PropertyValueSpecification\",\"valueRequired\":true,\"valueName\":\"search_term_string\"}}],\"inLanguage\":\"es-ES\"},{\"@type\":\"Organization\",\"@id\":\"https:\\\/\\\/cubus.cat\\\/es\\\/#organization\",\"name\":\"Cubus Immobili\u00e0ria\",\"url\":\"https:\\\/\\\/cubus.cat\\\/es\\\/\",\"logo\":{\"@type\":\"ImageObject\",\"inLanguage\":\"es-ES\",\"@id\":\"https:\\\/\\\/cubus.cat\\\/es\\\/#\\\/schema\\\/logo\\\/image\\\/\",\"url\":\"https:\\\/\\\/cubus.cat\\\/wp-content\\\/uploads\\\/cubus-logo.png\",\"contentUrl\":\"https:\\\/\\\/cubus.cat\\\/wp-content\\\/uploads\\\/cubus-logo.png\",\"width\":406,\"height\":148,\"caption\":\"Cubus Immobili\u00e0ria\"},\"image\":{\"@id\":\"https:\\\/\\\/cubus.cat\\\/es\\\/#\\\/schema\\\/logo\\\/image\\\/\"}}]}<\/script>\n<!-- \/ Yoast SEO plugin. -->","yoast_head_json":{"title":"Contacto - Cubus - Tel\u00e9fono y direcci\u00f3n oficinas - Olot, La Garrotxa.","description":"Informaci\u00f3n de contacto de Cubus Inmobiliaria Olot i Garrotxa. Tel\u00e9fono, whatsapp, direcci\u00f3n de oficinas y redes sociales. \u00a1Cont\u00e1ctanos!.","robots":{"index":"index","follow":"follow","max-snippet":"max-snippet:-1","max-image-preview":"max-image-preview:large","max-video-preview":"max-video-preview:-1"},"canonical":"https:\/\/cubus.cat\/es\/contacte-olot-garrotxa\/","og_locale":"es_ES","og_type":"article","og_title":"Contacto - Cubus - Tel\u00e9fono y direcci\u00f3n oficinas - Olot, La Garrotxa.","og_description":"Informaci\u00f3n de contacto de Cubus Inmobiliaria Olot i Garrotxa. Tel\u00e9fono, whatsapp, direcci\u00f3n de oficinas y redes sociales. \u00a1Cont\u00e1ctanos!.","og_url":"https:\/\/cubus.cat\/es\/contacte-olot-garrotxa\/","og_site_name":"Cubus Immobili\u00e0ria","article_modified_time":"2023-10-05T14:24:57+00:00","twitter_card":"summary_large_image","schema":{"@context":"https:\/\/schema.org","@graph":[{"@type":"WebPage","@id":"https:\/\/cubus.cat\/es\/contacte-olot-garrotxa\/","url":"https:\/\/cubus.cat\/es\/contacte-olot-garrotxa\/","name":"Contacto - Cubus - Tel\u00e9fono y direcci\u00f3n oficinas - Olot, La Garrotxa.","isPartOf":{"@id":"https:\/\/cubus.cat\/es\/#website"},"datePublished":"2019-06-26T16:17:25+00:00","dateModified":"2023-10-05T14:24:57+00:00","description":"Informaci\u00f3n de contacto de Cubus Inmobiliaria Olot i Garrotxa. Tel\u00e9fono, whatsapp, direcci\u00f3n de oficinas y redes sociales. \u00a1Cont\u00e1ctanos!.","breadcrumb":{"@id":"https:\/\/cubus.cat\/es\/contacte-olot-garrotxa\/#breadcrumb"},"inLanguage":"es-ES","potentialAction":[{"@type":"ReadAction","target":["https:\/\/cubus.cat\/es\/contacte-olot-garrotxa\/"]}]},{"@type":"BreadcrumbList","@id":"https:\/\/cubus.cat\/es\/contacte-olot-garrotxa\/#breadcrumb","itemListElement":[{"@type":"ListItem","position":1,"name":"Inici","item":"https:\/\/cubus.cat\/es\/"},{"@type":"ListItem","position":2,"name":"Contacto"}]},{"@type":"WebSite","@id":"https:\/\/cubus.cat\/es\/#website","url":"https:\/\/cubus.cat\/es\/","name":"Cubus Immobili\u00e0ria Olot i la Garrotxa - Comprar, llogar o vendre","description":"","publisher":{"@id":"https:\/\/cubus.cat\/es\/#organization"},"potentialAction":[{"@type":"SearchAction","target":{"@type":"EntryPoint","urlTemplate":"https:\/\/cubus.cat\/es\/?s={search_term_string}"},"query-input":{"@type":"PropertyValueSpecification","valueRequired":true,"valueName":"search_term_string"}}],"inLanguage":"es-ES"},{"@type":"Organization","@id":"https:\/\/cubus.cat\/es\/#organization","name":"Cubus Immobili\u00e0ria","url":"https:\/\/cubus.cat\/es\/","logo":{"@type":"ImageObject","inLanguage":"es-ES","@id":"https:\/\/cubus.cat\/es\/#\/schema\/logo\/image\/","url":"https:\/\/cubus.cat\/wp-content\/uploads\/cubus-logo.png","contentUrl":"https:\/\/cubus.cat\/wp-content\/uploads\/cubus-logo.png","width":406,"height":148,"caption":"Cubus Immobili\u00e0ria"},"image":{"@id":"https:\/\/cubus.cat\/es\/#\/schema\/logo\/image\/"}}]}},"_links":{"self":[{"href":"https:\/\/cubus.cat\/es\/wp-json\/wp\/v2\/pages\/5055","targetHints":{"allow":["GET"]}}],"collection":[{"href":"https:\/\/cubus.cat\/es\/wp-json\/wp\/v2\/pages"}],"about":[{"href":"https:\/\/cubus.cat\/es\/wp-json\/wp\/v2\/types\/page"}],"author":[{"embeddable":true,"href":"https:\/\/cubus.cat\/es\/wp-json\/wp\/v2\/users\/1"}],"replies":[{"embeddable":true,"href":"https:\/\/cubus.cat\/es\/wp-json\/wp\/v2\/comments?post=5055"}],"version-history":[{"count":3,"href":"https:\/\/cubus.cat\/es\/wp-json\/wp\/v2\/pages\/5055\/revisions"}],"predecessor-version":[{"id":7915,"href":"https:\/\/cubus.cat\/es\/wp-json\/wp\/v2\/pages\/5055\/revisions\/7915"}],"wp:attachment":[{"href":"https:\/\/cubus.cat\/es\/wp-json\/wp\/v2\/media?parent=5055"}],"curies":[{"name":"wp","href":"https:\/\/api.w.org\/{rel}","templated":true}]}}