{"id":5063,"date":"2021-05-03T16:12:43","date_gmt":"2021-05-03T14:12:43","guid":{"rendered":"https:\/\/cubus.cat\/privacitat-i-proteccio-de-dades\/"},"modified":"2021-05-07T09:18:50","modified_gmt":"2021-05-07T07:18:50","slug":"privacitat-i-proteccio-de-dades","status":"publish","type":"page","link":"https:\/\/cubus.cat\/es\/privacitat-i-proteccio-de-dades\/","title":{"rendered":"Privacidad y protecci\u00f3n de datos"},"content":{"rendered":"<p>L&#8217;informem que per a l&#8217;acc\u00e9s de determinats continguts o serveis ser\u00e0 necessari facilitar dades de car\u00e0cter personal. Els Usuaris garantiran la seva veracitat, exactitud, autenticitat de les dades, <strong>CUBUS SERVEIS DE B\u00c9NS IMMOBLES S.L. <\/strong>preservar\u00e0 la confidencialitat i seguretat de les seves dades personals i donar\u00e0 als mateixos el tractament automatitzat que correspongui en funci\u00f3 de la seva naturalesa o finalitat, en els termes indicats en la Secci\u00f3 de Pol\u00edtica de Protecci\u00f3 de Dades.<\/p>\n<p>\u00c9s important, i donada la recent normativa europea en Protecci\u00f3 de Dades REGLAMENT UE 2016\/679 del PARLAMENT i del CONSELL EUROPEU, llegiu la <strong>informaci\u00f3 b\u00e0sica<\/strong>. Tamb\u00e9 ha de saber, que el fet de deixar les seves dades no atribueix, ni confirma, ni anul\u00b7la, ni leg\u00edtima, ni perfecciona cap vincle contractual amb la nostra empresa.<\/p>\n<h2>Informaci\u00f3 b\u00e0sica<\/h2>\n<p><strong>RESPONSABLE: CUBUS SERVEIS DE B\u00c9NS IMMOBLES SL B17236001 Carrer Bisbe Lorenzana n\u00ba24 17800 OLOT Tel: 972271717 Correu electr\u00f2nic:<\/strong> <strong>gestio@cubus.cat<\/strong><\/p>\n<p><strong>FINALITAT:<\/strong> Gestionar informes i peritatge sobre preus de mercat dels immobles, gesti\u00f3 de lloguers i venda s d&#8217;immobles dedicats a habitatge habitual i locals comercials, Prestaci\u00f3 de serveis i formularis per a contractacions immobili\u00e0ries en l\u00ednia.<\/p>\n<p>En nom de l&#8217;empresa tractem la informaci\u00f3 que ens facilita per tal de poder atendre les seves demandes, facturar aquests serveis o compres, gestionar desistiments i devolucions en els terminis legals previstos a la Llei 34\/2002, d&#8217;11 de juliol, de serveis de la societat de la informaci\u00f3 i de comer\u00e7 electr\u00f2nic i vendes a dist\u00e0ncies a consumidors que preveu la Llei General per a la Defensa dels consumidors i Usuaris.<\/p>\n<p>Enviar-li publicitat i promocions relacionats amb les seves \u00e0rees d&#8217;inter\u00e8s, per qualsevol mitj\u00e0 sigui postal, correu electr\u00f2nic o a trav\u00e9s de mitjans de telefonia fixa o m\u00f2bil. Aix\u00ed com, convidar-los a esdeveniments organitzats per l&#8217;empresa.<\/p>\n<p><strong>LEGITIMACI\u00d3:<\/strong> Consentiment, relaci\u00f3 contractual i inter\u00e8s leg\u00edtim.<\/p>\n<p><strong>BASE LEGAL:<\/strong> Reglament (UE) 2016\/679 del Parlament Europeu i de Consell, de 27 d&#8217;abril de 2016, relatiu a la protecci\u00f3 de les persones f\u00edsiques pel que fa a el tractament de dades personals ia la lliure circulaci\u00f3 d&#8217;aquestes dades no cedir\u00e0 en cap cas les seves dades personals, Llei org\u00e0nica 3\/2018, de 5 de desembre, de protecci\u00f3 de dades personals i garantia dels drets digitals, Llei 34\/2002, d&#8217;11 de juliol, de serveis de la societat de la informaci\u00f3 i de comer\u00e7 electr\u00f2nic. Reial Decret Legislatiu 1\/2007, de 16 de novembre, pel qual s&#8217;aprova el text ref\u00f3s de la Llei General per a la Defensa dels Consumidors i Usuaris i altres lleis complement\u00e0ries.<\/p>\n<p><strong>DESTINATARIS:<\/strong> La nostra botiga es troba allotjada en Shopify Inc. Ells ens proporcionen la plataforma de comer\u00e7 electr\u00f2nic en l\u00ednia, que ens permet vendre&#8217;t els nostres productes i serveis.<\/p>\n<p><strong>DURADA:<\/strong> Les dades proporcionades es conservaran durant un per\u00edode de 5 anys des de l&#8217;\u00faltima contractaci\u00f3; si no, no \u00e9s que vost\u00e8 abans, no hagi sol\u00b7licitat el bloqueig o esborrat dels mateixos; o b\u00e9, que prescriu la legislaci\u00f3 tribut\u00e0ria.<\/p>\n<p><strong>QUALITAT DE LES DADES:<\/strong> Totes les dades sol\u00b7licitades a trav\u00e9s del lloc web s\u00f3n obligatoris, ja que s\u00f3n necessaris per a la prestaci\u00f3 d&#8217;un servei \u00f2ptim a l&#8217;usuari. En cas que no siguin facilitades totes les dades, el prestador no garanteix la prestaci\u00f3 dels serveis sol\u00b7licitats.<\/p>\n<p>L&#8217;usuari ser\u00e0 l&#8217;\u00fanic responsable, respecte a la veracitat i actualitzaci\u00f3 de les dades aportades a trav\u00e9s dels diferents formularis de la p\u00e0gina web.<\/p>\n<p><strong>INFORMACI\u00d3 ADDICIONAL:<\/strong> Vost\u00e8 en tot moment podr\u00e0 demanar informaci\u00f3 addicional sobre les seves dades personals (&#8220;segona capa&#8221;), en la mateixa direcci\u00f3 que li facilitem per poder exercir els seus drets.<\/p>\n<p><strong>MENORS D&#8217;EDAT:<\/strong> Els nostres serveis no van dirigits a persones menors d&#8217;edat o incapacitats. Entenem que tenen l&#8217;autoritzaci\u00f3 i consentiment dels seus pares, tutors o representants legals. Ser\u00e0 sota la seva responsabilitat, la utilitzaci\u00f3 d&#8217;aquests sigui per neglig\u00e8ncia o per culpa invigilando, que pogu\u00e9s ocasionar una responsabilitat extracontractual.<\/p>\n<p><strong>DRETS:<\/strong> Vost\u00e8 podr\u00e0 exercir els drets ARCO d&#8217;acc\u00e9s, rectificaci\u00f3, cancel\u00b7laci\u00f3 i \/ o oposici\u00f3, aix\u00ed com el dret limitaci\u00f3 i portabilitat. Pot vost\u00e8 dirigir-se a la nostra adre\u00e7a de correu: <a href=\"https:\/\/cubus.cat\/es\/\">cubus.cat<\/a>, o b\u00e9, a la nostra adre\u00e7a postal dirigint-se al responsable de l&#8217;Arxiu de la nostra empresa. per a aix\u00f2 ser\u00e0 necessari aportar les dades personals i documents que ho acreditin, juntament amb la seva petici\u00f3.<\/p>\n<p>Per a aix\u00f2, \u00e9s necessari que vost\u00e8 mateix, o mitjan\u00e7ant persona legalment autoritzada aporti els seg\u00fcents documents:<\/p>\n<ul>\n<li>Fotoc\u00f2pia DNI<\/li>\n<li>Identificaci\u00f3 i representaci\u00f3 suficient.<\/li>\n<li>Explicaci\u00f3 i objecte de la reclamaci\u00f3.<\/li>\n<li>Domicili per enviament de comunicacions, o correu electr\u00f2nic, per posar-nos en contacte amb vost\u00e8 el m\u00e9s aviat.<\/li>\n<\/ul>\n<p><strong>INFORMACI\u00d3 COMPLEMENT\u00c0RIA:<\/strong> Vost\u00e8 t\u00e9 dret a obtenir confirmaci\u00f3 sobre com la nostra empresa, estem tractant les seves dades personals. Per tant, t\u00e9 dret a accedir a les seves dades personals, les dades inexactes o sol\u00b7licitar la seva supressi\u00f3 quan les dades ja no siguin necessaris per als fins que van ser recollits en qualsevol moment, de forma senzilla i gratu\u00efta.<\/p>\n<p>Per<strong> donar-se de BAIXA<\/strong> de la recepci\u00f3 dels missatges promocionals, en compliment de la Llei 34\/2002, d&#8217;11 de juliol, de serveis de la societat de la informaci\u00f3 i de comer\u00e7 electr\u00f2nic, cal aportar les seg\u00fcents dades:<\/p>\n<ul>\n<li>Nom de l&#8217;empresa i dades del representant d&#8217;aquesta.<\/li>\n<li>Adre\u00e7a postal i electr\u00f2nica on vulgui rebre les comunicacions.<\/li>\n<li>Petici\u00f3 clara, que no cal motivar.<\/li>\n<\/ul>\n<p>Sempre es pot adre\u00e7ar a l&#8217;autoritat de control, en aquest cas l&#8217;<a href=\"https:\/\/www.aepg.es\/\" target=\"_blank\" rel=\"noopener noreferrer\">Ag\u00e8ncia Espanyola de Protecci\u00f3 de Dades<\/a> si creu no han estat ateses les seves peticions.<\/p>\n<h2>Codi de conducta del nostre establiment<\/h2>\n<h3>Principis generals<\/h3>\n<p><strong>CUBUS SERVEIS DE B\u00c9NS IMMOBLES SL\u00a0 <\/strong>es compromet a que els continguts dels seus serveis:<\/p>\n<ol>\n<li>No han d&#8217;induir ni han de promoure la discriminaci\u00f3 sexual, racial o religiosa o qualsevol altra vulneraci\u00f3 dels drets fonamentals i de les llibertats p\u00fabliques reconegudes per la Constituci\u00f3 Espanyola o normativa UE.<\/li>\n<li>No han d&#8217;induir ni incitar a actuar de forma il\u00b7legal.<\/li>\n<li>No portaran a conclusions err\u00f2nies a conseq\u00fc\u00e8ncia de la seva inexactitud, ambig\u00fcitat, exageraci\u00f3, omissi\u00f3 o similars.<\/li>\n<li>No han d&#8217;induir a un estat inacceptable d&#8217;ansietat o temor, o aprofitar o explotar l&#8217;estat de necessitat econ\u00f2mica, laboral o personal de l&#8217;usuari.<\/li>\n<li>No han d&#8217;induir ni incitar a qualsevol persona a involucrar-se en pr\u00e0ctiques perilloses de risc o que atemptin contra la salut o l&#8217;equilibri ps\u00edquic.<\/li>\n<li>No infringiran les normes legals o reglament\u00e0ries sobre el secret de les comunicacions, propietat intel\u00b7lectual, dret a l&#8217;honor ia la intimitat personal o familiar, o qualsevol altra disposici\u00f3 aplicable a la naturalesa del servei.<\/li>\n<li>No contenir informaci\u00f3 falsa.<\/li>\n<li>Els serveis que incorporin sol\u00b7licitud d&#8217;informaci\u00f3 o dades de car\u00e0cter personal, incloent nom, domicili o altres dades, tenint aquesta consideraci\u00f3 el n\u00famero de tel\u00e8fon fix o m\u00f2bil, han de ser adequades, pertinents i no excessives en relaci\u00f3 amb la finalitat per a la qual es recaptin.<\/li>\n<\/ol>\n<p><strong>Els usuaris tenen dret a:<\/strong><\/p>\n<ul>\n<li>Rebre informaci\u00f3 objectiva, pr\u00e8via, exacta i completa sobre les condicions de prestaci\u00f3 dels productes que se&#8217;ls ofereixen.<\/li>\n<li>Rebre els productes en les condicions ofertes o pactades amb l&#8217;empresa o la persona prestadora.<\/li>\n<li>Obtenir els documents acreditatius dels termes de la contractaci\u00f3 i les factures pels productes abonats, emeses d&#8217;acord amb la normativa vigent.<\/li>\n<li>Formular les reclamacions que considerin pertinents i obtenir sense dilacions el full oficial per a plantejar-les i l&#8217;orientaci\u00f3 adequada per a emplenar.<\/li>\n<li>Sol\u00b7licitar i obtenir les actuacions dels \u00f2rgans arbitrals regulades per la legislaci\u00f3 aplicable.<\/li>\n<li>Sol\u00b7licitar i rebre l&#8217;auxili de les administracions, quan sigui necessari per a la defensa dels seus drets com a usuaris, amb independ\u00e8ncia del seu origen i del seu dest\u00ed i sense perjudici de les compet\u00e8ncies d&#8217;altres \u00f2rgans i autoritats.<\/li>\n<li>Sol\u00b7licitar i rebre una informaci\u00f3 de qualitat en relaci\u00f3 amb els productes i m\u00e8tode d&#8217;enviament i pagament.<\/li>\n<\/ul>\n","protected":false},"excerpt":{"rendered":"<p>L&#8217;informem que per a l&#8217;acc\u00e9s de determinats continguts o serveis ser\u00e0 necessari facilitar dades de car\u00e0cter personal. Els Usuaris garantiran la seva veracitat, exactitud, autenticitat de les dades, CUBUS SERVEIS DE B\u00c9NS IMMOBLES S.L. preservar\u00e0 la confidencialitat i seguretat de les seves dades personals i donar\u00e0 als mateixos el tractament automatitzat que correspongui en funci\u00f3 [&hellip;]<\/p>\n","protected":false},"author":1,"featured_media":0,"parent":0,"menu_order":903,"comment_status":"closed","ping_status":"closed","template":"","meta":{"_acf_changed":false,"_genesis_hide_title":false,"_genesis_hide_breadcrumbs":false,"_genesis_hide_singular_image":false,"_genesis_hide_footer_widgets":false,"_genesis_custom_body_class":"","_genesis_custom_post_class":"","_genesis_layout":"","footnotes":""},"class_list":{"0":"post-5063","1":"page","2":"type-page","3":"status-publish","5":"entry"},"acf":[],"yoast_head":"<!-- This site is optimized with the Yoast SEO plugin v27.5 - https:\/\/yoast.com\/product\/yoast-seo-wordpress\/ -->\n<title>Cubus Immobili\u00e0ria - Privacidad y protecci\u00f3n de datos<\/title>\n<meta name=\"robots\" content=\"noindex, nofollow\" \/>\n<meta property=\"og:locale\" content=\"es_ES\" \/>\n<meta property=\"og:type\" content=\"article\" \/>\n<meta property=\"og:title\" content=\"Cubus Immobili\u00e0ria - Privacidad y protecci\u00f3n de datos\" \/>\n<meta property=\"og:description\" content=\"L&#8217;informem que per a l&#8217;acc\u00e9s de determinats continguts o serveis ser\u00e0 necessari facilitar dades de car\u00e0cter personal. Els Usuaris garantiran la seva veracitat, exactitud, autenticitat de les dades, CUBUS SERVEIS DE B\u00c9NS IMMOBLES S.L. preservar\u00e0 la confidencialitat i seguretat de les seves dades personals i donar\u00e0 als mateixos el tractament automatitzat que correspongui en funci\u00f3 [&hellip;]\" \/>\n<meta property=\"og:url\" content=\"https:\/\/cubus.cat\/es\/privacitat-i-proteccio-de-dades\/\" \/>\n<meta property=\"og:site_name\" content=\"Cubus Immobili\u00e0ria\" \/>\n<meta property=\"article:modified_time\" content=\"2021-05-07T07:18:50+00:00\" \/>\n<meta name=\"twitter:card\" content=\"summary_large_image\" \/>\n<meta name=\"twitter:label1\" content=\"Est. reading time\" \/>\n\t<meta name=\"twitter:data1\" content=\"7 minutes\" \/>\n<script type=\"application\/ld+json\" class=\"yoast-schema-graph\">{\"@context\":\"https:\\\/\\\/schema.org\",\"@graph\":[{\"@type\":\"WebPage\",\"@id\":\"https:\\\/\\\/cubus.cat\\\/es\\\/privacitat-i-proteccio-de-dades\\\/\",\"url\":\"https:\\\/\\\/cubus.cat\\\/es\\\/privacitat-i-proteccio-de-dades\\\/\",\"name\":\"Cubus Immobili\u00e0ria - Privacidad y protecci\u00f3n de datos\",\"isPartOf\":{\"@id\":\"https:\\\/\\\/cubus.cat\\\/es\\\/#website\"},\"datePublished\":\"2021-05-03T14:12:43+00:00\",\"dateModified\":\"2021-05-07T07:18:50+00:00\",\"breadcrumb\":{\"@id\":\"https:\\\/\\\/cubus.cat\\\/es\\\/privacitat-i-proteccio-de-dades\\\/#breadcrumb\"},\"inLanguage\":\"es-ES\",\"potentialAction\":[{\"@type\":\"ReadAction\",\"target\":[\"https:\\\/\\\/cubus.cat\\\/es\\\/privacitat-i-proteccio-de-dades\\\/\"]}]},{\"@type\":\"BreadcrumbList\",\"@id\":\"https:\\\/\\\/cubus.cat\\\/es\\\/privacitat-i-proteccio-de-dades\\\/#breadcrumb\",\"itemListElement\":[{\"@type\":\"ListItem\",\"position\":1,\"name\":\"Inici\",\"item\":\"https:\\\/\\\/cubus.cat\\\/es\\\/\"},{\"@type\":\"ListItem\",\"position\":2,\"name\":\"Privacidad y protecci\u00f3n de datos\"}]},{\"@type\":\"WebSite\",\"@id\":\"https:\\\/\\\/cubus.cat\\\/es\\\/#website\",\"url\":\"https:\\\/\\\/cubus.cat\\\/es\\\/\",\"name\":\"Cubus Immobili\u00e0ria Olot i la Garrotxa - Comprar, llogar o vendre\",\"description\":\"\",\"publisher\":{\"@id\":\"https:\\\/\\\/cubus.cat\\\/es\\\/#organization\"},\"potentialAction\":[{\"@type\":\"SearchAction\",\"target\":{\"@type\":\"EntryPoint\",\"urlTemplate\":\"https:\\\/\\\/cubus.cat\\\/es\\\/?s={search_term_string}\"},\"query-input\":{\"@type\":\"PropertyValueSpecification\",\"valueRequired\":true,\"valueName\":\"search_term_string\"}}],\"inLanguage\":\"es-ES\"},{\"@type\":\"Organization\",\"@id\":\"https:\\\/\\\/cubus.cat\\\/es\\\/#organization\",\"name\":\"Cubus Immobili\u00e0ria\",\"url\":\"https:\\\/\\\/cubus.cat\\\/es\\\/\",\"logo\":{\"@type\":\"ImageObject\",\"inLanguage\":\"es-ES\",\"@id\":\"https:\\\/\\\/cubus.cat\\\/es\\\/#\\\/schema\\\/logo\\\/image\\\/\",\"url\":\"https:\\\/\\\/cubus.cat\\\/wp-content\\\/uploads\\\/cubus-logo.png\",\"contentUrl\":\"https:\\\/\\\/cubus.cat\\\/wp-content\\\/uploads\\\/cubus-logo.png\",\"width\":406,\"height\":148,\"caption\":\"Cubus Immobili\u00e0ria\"},\"image\":{\"@id\":\"https:\\\/\\\/cubus.cat\\\/es\\\/#\\\/schema\\\/logo\\\/image\\\/\"}}]}<\/script>\n<!-- \/ Yoast SEO plugin. -->","yoast_head_json":{"title":"Cubus Immobili\u00e0ria - Privacidad y protecci\u00f3n de datos","robots":{"index":"noindex","follow":"nofollow"},"og_locale":"es_ES","og_type":"article","og_title":"Cubus Immobili\u00e0ria - Privacidad y protecci\u00f3n de datos","og_description":"L&#8217;informem que per a l&#8217;acc\u00e9s de determinats continguts o serveis ser\u00e0 necessari facilitar dades de car\u00e0cter personal. Els Usuaris garantiran la seva veracitat, exactitud, autenticitat de les dades, CUBUS SERVEIS DE B\u00c9NS IMMOBLES S.L. preservar\u00e0 la confidencialitat i seguretat de les seves dades personals i donar\u00e0 als mateixos el tractament automatitzat que correspongui en funci\u00f3 [&hellip;]","og_url":"https:\/\/cubus.cat\/es\/privacitat-i-proteccio-de-dades\/","og_site_name":"Cubus Immobili\u00e0ria","article_modified_time":"2021-05-07T07:18:50+00:00","twitter_card":"summary_large_image","twitter_misc":{"Est. reading time":"7 minutes"},"schema":{"@context":"https:\/\/schema.org","@graph":[{"@type":"WebPage","@id":"https:\/\/cubus.cat\/es\/privacitat-i-proteccio-de-dades\/","url":"https:\/\/cubus.cat\/es\/privacitat-i-proteccio-de-dades\/","name":"Cubus Immobili\u00e0ria - Privacidad y protecci\u00f3n de datos","isPartOf":{"@id":"https:\/\/cubus.cat\/es\/#website"},"datePublished":"2021-05-03T14:12:43+00:00","dateModified":"2021-05-07T07:18:50+00:00","breadcrumb":{"@id":"https:\/\/cubus.cat\/es\/privacitat-i-proteccio-de-dades\/#breadcrumb"},"inLanguage":"es-ES","potentialAction":[{"@type":"ReadAction","target":["https:\/\/cubus.cat\/es\/privacitat-i-proteccio-de-dades\/"]}]},{"@type":"BreadcrumbList","@id":"https:\/\/cubus.cat\/es\/privacitat-i-proteccio-de-dades\/#breadcrumb","itemListElement":[{"@type":"ListItem","position":1,"name":"Inici","item":"https:\/\/cubus.cat\/es\/"},{"@type":"ListItem","position":2,"name":"Privacidad y protecci\u00f3n de datos"}]},{"@type":"WebSite","@id":"https:\/\/cubus.cat\/es\/#website","url":"https:\/\/cubus.cat\/es\/","name":"Cubus Immobili\u00e0ria Olot i la Garrotxa - Comprar, llogar o vendre","description":"","publisher":{"@id":"https:\/\/cubus.cat\/es\/#organization"},"potentialAction":[{"@type":"SearchAction","target":{"@type":"EntryPoint","urlTemplate":"https:\/\/cubus.cat\/es\/?s={search_term_string}"},"query-input":{"@type":"PropertyValueSpecification","valueRequired":true,"valueName":"search_term_string"}}],"inLanguage":"es-ES"},{"@type":"Organization","@id":"https:\/\/cubus.cat\/es\/#organization","name":"Cubus Immobili\u00e0ria","url":"https:\/\/cubus.cat\/es\/","logo":{"@type":"ImageObject","inLanguage":"es-ES","@id":"https:\/\/cubus.cat\/es\/#\/schema\/logo\/image\/","url":"https:\/\/cubus.cat\/wp-content\/uploads\/cubus-logo.png","contentUrl":"https:\/\/cubus.cat\/wp-content\/uploads\/cubus-logo.png","width":406,"height":148,"caption":"Cubus Immobili\u00e0ria"},"image":{"@id":"https:\/\/cubus.cat\/es\/#\/schema\/logo\/image\/"}}]}},"_links":{"self":[{"href":"https:\/\/cubus.cat\/es\/wp-json\/wp\/v2\/pages\/5063","targetHints":{"allow":["GET"]}}],"collection":[{"href":"https:\/\/cubus.cat\/es\/wp-json\/wp\/v2\/pages"}],"about":[{"href":"https:\/\/cubus.cat\/es\/wp-json\/wp\/v2\/types\/page"}],"author":[{"embeddable":true,"href":"https:\/\/cubus.cat\/es\/wp-json\/wp\/v2\/users\/1"}],"replies":[{"embeddable":true,"href":"https:\/\/cubus.cat\/es\/wp-json\/wp\/v2\/comments?post=5063"}],"version-history":[{"count":1,"href":"https:\/\/cubus.cat\/es\/wp-json\/wp\/v2\/pages\/5063\/revisions"}],"predecessor-version":[{"id":5169,"href":"https:\/\/cubus.cat\/es\/wp-json\/wp\/v2\/pages\/5063\/revisions\/5169"}],"wp:attachment":[{"href":"https:\/\/cubus.cat\/es\/wp-json\/wp\/v2\/media?parent=5063"}],"curies":[{"name":"wp","href":"https:\/\/api.w.org\/{rel}","templated":true}]}}